{"id":1542,"date":"2025-03-31T10:22:57","date_gmt":"2025-03-31T13:22:57","guid":{"rendered":"https:\/\/divulgouvendeu.net.br\/loja\/?post_type=product&#038;p=1542"},"modified":"2025-03-31T10:24:50","modified_gmt":"2025-03-31T13:24:50","slug":"soja-46soja-olvego-racao-para-cachorro-lamina-2-pontas-para-rocadeira","status":"publish","type":"product","link":"https:\/\/divulgouvendeu.net.br\/loja\/index.php\/produto\/soja-46soja-olvego-racao-para-cachorro-lamina-2-pontas-para-rocadeira\/","title":{"rendered":"Soja 46%(Soja Olvego), Ra\u00e7\u00e3o para Cachorro, L\u00e2mina 2 Pontas para Ro\u00e7adeira."},"content":{"rendered":"<div style=\"width: 478px;\" class=\"wp-video\"><!--[if lt IE 9]><script>document.createElement('video');<\/script><![endif]-->\n<video class=\"wp-video-shortcode\" id=\"video-1542-1\" width=\"478\" height=\"850\" preload=\"metadata\" controls=\"controls\"><source type=\"video\/mp4\" src=\"https:\/\/divulgouvendeu.net.br\/loja\/wp-content\/uploads\/2025\/03\/VID-20250327-WA0108.mp4?_=1\" \/><a href=\"https:\/\/divulgouvendeu.net.br\/loja\/wp-content\/uploads\/2025\/03\/VID-20250327-WA0108.mp4\">https:\/\/divulgouvendeu.net.br\/loja\/wp-content\/uploads\/2025\/03\/VID-20250327-WA0108.mp4<\/a><\/video><\/div>\n","protected":false},"excerpt":{"rendered":"<p>Agrofertilizante Forte (Vermelho Novo).<\/p>\n<p>Farelo de soja pra cria\u00e7\u00f5es: Boi, porco&#8230;<\/p>\n<p>Ra\u00e7\u00e3o para Cachorros 18% Prote\u00edna(55,00$).<\/p>\n<p>L\u00e2mina para Rosadeira 2 Pontas(Pre\u00e7o de revenda).<\/p>\n","protected":false},"featured_media":1539,"comment_status":"open","ping_status":"closed","template":"","meta":[],"product_cat":[75],"product_tag":[],"class_list":{"0":"post-1542","1":"product","2":"type-product","3":"status-publish","4":"has-post-thumbnail","6":"product_cat-produtos-agricolas","8":"first","9":"instock","10":"shipping-taxable","11":"product-type-simple"},"_links":{"self":[{"href":"https:\/\/divulgouvendeu.net.br\/loja\/index.php\/wp-json\/wp\/v2\/product\/1542"}],"collection":[{"href":"https:\/\/divulgouvendeu.net.br\/loja\/index.php\/wp-json\/wp\/v2\/product"}],"about":[{"href":"https:\/\/divulgouvendeu.net.br\/loja\/index.php\/wp-json\/wp\/v2\/types\/product"}],"replies":[{"embeddable":true,"href":"https:\/\/divulgouvendeu.net.br\/loja\/index.php\/wp-json\/wp\/v2\/comments?post=1542"}],"wp:featuredmedia":[{"embeddable":true,"href":"https:\/\/divulgouvendeu.net.br\/loja\/index.php\/wp-json\/wp\/v2\/media\/1539"}],"wp:attachment":[{"href":"https:\/\/divulgouvendeu.net.br\/loja\/index.php\/wp-json\/wp\/v2\/media?parent=1542"}],"wp:term":[{"taxonomy":"product_cat","embeddable":true,"href":"https:\/\/divulgouvendeu.net.br\/loja\/index.php\/wp-json\/wp\/v2\/product_cat?post=1542"},{"taxonomy":"product_tag","embeddable":true,"href":"https:\/\/divulgouvendeu.net.br\/loja\/index.php\/wp-json\/wp\/v2\/product_tag?post=1542"}],"curies":[{"name":"wp","href":"https:\/\/api.w.org\/{rel}","templated":true}]}}