{"id":1480,"date":"2025-01-17T12:01:51","date_gmt":"2025-01-17T15:01:51","guid":{"rendered":"https:\/\/softwareprojetos.site\/divulgouvendeuloja\/?post_type=product&#038;p=1480"},"modified":"2025-01-22T10:04:31","modified_gmt":"2025-01-22T13:04:31","slug":"vende-se-uma-chacara-a-200-metros-do-asfalto-no-aeroporto-de-caratinga-toda-cercada-agualuz-e-uma-casa-de-4-comodos","status":"publish","type":"product","link":"https:\/\/divulgouvendeu.net.br\/loja\/index.php\/produto\/vende-se-uma-chacara-a-200-metros-do-asfalto-no-aeroporto-de-caratinga-toda-cercada-agualuz-e-uma-casa-de-4-comodos\/","title":{"rendered":"Vende se uma ch\u00e1cara a 200 metros do asfalto no aeroporto de Caratinga toda cercada \u00e1gua,luz e uma casa de 4 c\u00f4modos."},"content":{"rendered":"","protected":false},"excerpt":{"rendered":"","protected":false},"featured_media":1481,"comment_status":"open","ping_status":"closed","template":"","meta":[],"product_cat":[15],"product_tag":[],"class_list":{"0":"post-1480","1":"product","2":"type-product","3":"status-publish","4":"has-post-thumbnail","6":"product_cat-sem-categoria","8":"first","9":"instock","10":"shipping-taxable","11":"purchasable","12":"product-type-simple"},"_links":{"self":[{"href":"https:\/\/divulgouvendeu.net.br\/loja\/index.php\/wp-json\/wp\/v2\/product\/1480"}],"collection":[{"href":"https:\/\/divulgouvendeu.net.br\/loja\/index.php\/wp-json\/wp\/v2\/product"}],"about":[{"href":"https:\/\/divulgouvendeu.net.br\/loja\/index.php\/wp-json\/wp\/v2\/types\/product"}],"replies":[{"embeddable":true,"href":"https:\/\/divulgouvendeu.net.br\/loja\/index.php\/wp-json\/wp\/v2\/comments?post=1480"}],"wp:featuredmedia":[{"embeddable":true,"href":"https:\/\/divulgouvendeu.net.br\/loja\/index.php\/wp-json\/wp\/v2\/media\/1481"}],"wp:attachment":[{"href":"https:\/\/divulgouvendeu.net.br\/loja\/index.php\/wp-json\/wp\/v2\/media?parent=1480"}],"wp:term":[{"taxonomy":"product_cat","embeddable":true,"href":"https:\/\/divulgouvendeu.net.br\/loja\/index.php\/wp-json\/wp\/v2\/product_cat?post=1480"},{"taxonomy":"product_tag","embeddable":true,"href":"https:\/\/divulgouvendeu.net.br\/loja\/index.php\/wp-json\/wp\/v2\/product_tag?post=1480"}],"curies":[{"name":"wp","href":"https:\/\/api.w.org\/{rel}","templated":true}]}}