{"id":913,"date":"2024-07-25T18:36:19","date_gmt":"2024-07-25T21:36:19","guid":{"rendered":"https:\/\/softwareprojetos.site\/idalia\/?page_id=913"},"modified":"2024-10-04T09:47:10","modified_gmt":"2024-10-04T12:47:10","slug":"sobre-nos","status":"publish","type":"page","link":"https:\/\/divulgouvendeu.net.br\/loja\/index.php\/sobre-nos\/","title":{"rendered":"Sobre N\u00f3s"},"content":{"rendered":"\t\t<div data-elementor-type=\"wp-page\" data-elementor-id=\"913\" class=\"elementor elementor-913\" data-elementor-post-type=\"page\">\n\t\t\t\t<div class=\"elementor-element elementor-element-7c19943 e-flex e-con-boxed e-con e-parent\" data-id=\"7c19943\" data-element_type=\"container\" data-core-v316-plus=\"true\">\n\t\t\t\t\t<div class=\"e-con-inner\">\n\t\t\t\t<div class=\"elementor-element elementor-element-a37e384 elementor-widget elementor-widget-heading\" data-id=\"a37e384\" data-element_type=\"widget\" data-widget_type=\"heading.default\">\n\t\t\t\t<div class=\"elementor-widget-container\">\n\t\t\t<style>\/*! elementor - v3.20.0 - 13-03-2024 *\/\n.elementor-heading-title{padding:0;margin:0;line-height:1}.elementor-widget-heading .elementor-heading-title[class*=elementor-size-]>a{color:inherit;font-size:inherit;line-height:inherit}.elementor-widget-heading .elementor-heading-title.elementor-size-small{font-size:15px}.elementor-widget-heading .elementor-heading-title.elementor-size-medium{font-size:19px}.elementor-widget-heading .elementor-heading-title.elementor-size-large{font-size:29px}.elementor-widget-heading .elementor-heading-title.elementor-size-xl{font-size:39px}.elementor-widget-heading .elementor-heading-title.elementor-size-xxl{font-size:59px}<\/style><h2 class=\"elementor-heading-title elementor-size-default\">Sobre a Divulgou Vendeu<\/h2>\t\t<\/div>\n\t\t\t\t<\/div>\n\t\t\t\t\t<\/div>\n\t\t\t\t<\/div>\n\t\t<div class=\"elementor-element elementor-element-c28c1f3 e-flex e-con-boxed e-con e-parent\" data-id=\"c28c1f3\" data-element_type=\"container\" data-core-v316-plus=\"true\">\n\t\t\t\t\t<div class=\"e-con-inner\">\n\t\t<div class=\"elementor-element elementor-element-7c22cc8 e-con-full e-flex e-con e-child\" data-id=\"7c22cc8\" data-element_type=\"container\">\n\t\t\t\t<div class=\"elementor-element elementor-element-cb2a6ce elementor-widget elementor-widget-image\" data-id=\"cb2a6ce\" data-element_type=\"widget\" data-widget_type=\"image.default\">\n\t\t\t\t<div class=\"elementor-widget-container\">\n\t\t\t<style>\/*! elementor - v3.20.0 - 13-03-2024 *\/\n.elementor-widget-image{text-align:center}.elementor-widget-image a{display:inline-block}.elementor-widget-image a img[src$=\".svg\"]{width:48px}.elementor-widget-image img{vertical-align:middle;display:inline-block}<\/style>\t\t\t\t\t\t\t\t\t\t<img fetchpriority=\"high\" decoding=\"async\" width=\"500\" height=\"500\" src=\"https:\/\/divulgouvendeu.net.br\/loja\/wp-content\/uploads\/2024\/10\/Divulgou-4.png\" class=\"attachment-large size-large wp-image-1410\" alt=\"\" srcset=\"https:\/\/divulgouvendeu.net.br\/loja\/wp-content\/uploads\/2024\/10\/Divulgou-4.png 500w, https:\/\/divulgouvendeu.net.br\/loja\/wp-content\/uploads\/2024\/10\/Divulgou-4-300x300.png 300w, https:\/\/divulgouvendeu.net.br\/loja\/wp-content\/uploads\/2024\/10\/Divulgou-4-150x150.png 150w, https:\/\/divulgouvendeu.net.br\/loja\/wp-content\/uploads\/2024\/10\/Divulgou-4-100x100.png 100w, https:\/\/divulgouvendeu.net.br\/loja\/wp-content\/uploads\/2024\/10\/Divulgou-4-50x50.png 50w\" sizes=\"(max-width: 500px) 100vw, 500px\" \/>\t\t\t\t\t\t\t\t\t\t\t\t\t<\/div>\n\t\t\t\t<\/div>\n\t\t\t\t<\/div>\n\t\t<div class=\"elementor-element elementor-element-c03962e e-con-full e-flex e-con e-child\" data-id=\"c03962e\" data-element_type=\"container\">\n\t\t\t\t<div class=\"elementor-element elementor-element-f650b1f elementor-widget elementor-widget-text-editor\" data-id=\"f650b1f\" data-element_type=\"widget\" data-widget_type=\"text-editor.default\">\n\t\t\t\t<div class=\"elementor-widget-container\">\n\t\t\t<style>\/*! elementor - v3.20.0 - 13-03-2024 *\/\n.elementor-widget-text-editor.elementor-drop-cap-view-stacked .elementor-drop-cap{background-color:#69727d;color:#fff}.elementor-widget-text-editor.elementor-drop-cap-view-framed .elementor-drop-cap{color:#69727d;border:3px solid;background-color:transparent}.elementor-widget-text-editor:not(.elementor-drop-cap-view-default) .elementor-drop-cap{margin-top:8px}.elementor-widget-text-editor:not(.elementor-drop-cap-view-default) .elementor-drop-cap-letter{width:1em;height:1em}.elementor-widget-text-editor .elementor-drop-cap{float:left;text-align:center;line-height:1;font-size:50px}.elementor-widget-text-editor .elementor-drop-cap-letter{display:inline-block}<\/style>\t\t\t\t<p><strong>A Divulgou Vendeu<\/strong> \u00e9 uma empresa focada em proporcionar solu\u00e7\u00f5es completas para divulga\u00e7\u00e3o e vendas. Nossa miss\u00e3o \u00e9 conectar empresas e consumidores de forma pr\u00e1tica e eficiente, oferecendo uma plataforma onde empresas podem divulgar seus servi\u00e7os e produtos com ampla visibilidade. Al\u00e9m disso, contamos com uma loja pr\u00f3pria, onde os clientes podem adquirir produtos de diversas categorias, sempre com a confian\u00e7a e qualidade que prezamos.<\/p><p>Nossa plataforma \u00e9 desenvolvida para ajudar neg\u00f3cios de todos os tamanhos a alcan\u00e7ar novos p\u00fablicos, aumentar suas vendas e fortalecer sua presen\u00e7a digital. Com uma interface intuitiva, facilitamos a busca por servi\u00e7os e produtos, trazendo praticidade tanto para as empresas quanto para os consumidores.<\/p>\t\t\t\t\t\t<\/div>\n\t\t\t\t<\/div>\n\t\t\t\t<\/div>\n\t\t\t\t\t<\/div>\n\t\t\t\t<\/div>\n\t\t\t\t<\/div>\n\t\t","protected":false},"excerpt":{"rendered":"<p>Sobre a Divulgou Vendeu A Divulgou Vendeu \u00e9 uma empresa focada em proporcionar solu\u00e7\u00f5es completas para divulga\u00e7\u00e3o e vendas. Nossa miss\u00e3o \u00e9 conectar empresas e consumidores de forma pr\u00e1tica e eficiente, oferecendo uma plataforma onde empresas podem divulgar seus servi\u00e7os e produtos com ampla visibilidade. Al\u00e9m disso, contamos com uma loja pr\u00f3pria, onde os clientes [&hellip;]<\/p>\n","protected":false},"author":1,"featured_media":0,"parent":0,"menu_order":0,"comment_status":"closed","ping_status":"closed","template":"","meta":{"footnotes":""},"class_list":["post-913","page","type-page","status-publish","hentry"],"_links":{"self":[{"href":"https:\/\/divulgouvendeu.net.br\/loja\/index.php\/wp-json\/wp\/v2\/pages\/913"}],"collection":[{"href":"https:\/\/divulgouvendeu.net.br\/loja\/index.php\/wp-json\/wp\/v2\/pages"}],"about":[{"href":"https:\/\/divulgouvendeu.net.br\/loja\/index.php\/wp-json\/wp\/v2\/types\/page"}],"author":[{"embeddable":true,"href":"https:\/\/divulgouvendeu.net.br\/loja\/index.php\/wp-json\/wp\/v2\/users\/1"}],"replies":[{"embeddable":true,"href":"https:\/\/divulgouvendeu.net.br\/loja\/index.php\/wp-json\/wp\/v2\/comments?post=913"}],"version-history":[{"count":16,"href":"https:\/\/divulgouvendeu.net.br\/loja\/index.php\/wp-json\/wp\/v2\/pages\/913\/revisions"}],"predecessor-version":[{"id":1416,"href":"https:\/\/divulgouvendeu.net.br\/loja\/index.php\/wp-json\/wp\/v2\/pages\/913\/revisions\/1416"}],"wp:attachment":[{"href":"https:\/\/divulgouvendeu.net.br\/loja\/index.php\/wp-json\/wp\/v2\/media?parent=913"}],"curies":[{"name":"wp","href":"https:\/\/api.w.org\/{rel}","templated":true}]}}