{"id":7,"date":"2024-03-18T20:58:13","date_gmt":"2024-03-18T23:58:13","guid":{"rendered":"https:\/\/softwareplay.site\/bmsantos\/index.php\/carrinho\/"},"modified":"2024-03-27T20:08:18","modified_gmt":"2024-03-27T23:08:18","slug":"carrinho","status":"publish","type":"page","link":"https:\/\/divulgouvendeu.net.br\/loja\/index.php\/carrinho\/","title":{"rendered":"Carrinho"},"content":{"rendered":"\t\t<div data-elementor-type=\"wp-page\" data-elementor-id=\"7\" class=\"elementor elementor-7\" data-elementor-post-type=\"page\">\n\t\t\t\t<div class=\"elementor-element elementor-element-ab77ec3 e-flex e-con-boxed e-con e-parent\" data-id=\"ab77ec3\" data-element_type=\"container\" data-core-v316-plus=\"true\">\n\t\t\t\t\t<div class=\"e-con-inner\">\n\t\t\t\t\t<\/div>\n\t\t\t\t<\/div>\n\t\t\t\t<\/div>\n\t\t","protected":false},"excerpt":{"rendered":"<p>Remover item Imagem de miniatura Produto Pre\u00e7o Quantidade Subtotal &times; P\u00e9rola Amora Craquelada Abs 10mm &#8211; Rosa Beb\u00ea &#8211; 10g &#82;&#36;&nbsp;2,99 P\u00e9rola Amora Craquelada Abs 10mm &#8211; Rosa Beb\u00ea &#8211; 10g quantidade &#82;&#36;&nbsp;2,99 Atualizar carrinho Aplicar cupom Carrinho de Compras Subtotal &#82;&#36;&nbsp;2,99 Entrega Retirar no Catete (Rua Bento Lisboa &#8211; Em frente a padaria Nova [&hellip;]<\/p>\n","protected":false},"author":1,"featured_media":0,"parent":0,"menu_order":0,"comment_status":"closed","ping_status":"closed","template":"","meta":{"footnotes":""},"class_list":["post-7","page","type-page","status-publish","hentry"],"_links":{"self":[{"href":"https:\/\/divulgouvendeu.net.br\/loja\/index.php\/wp-json\/wp\/v2\/pages\/7"}],"collection":[{"href":"https:\/\/divulgouvendeu.net.br\/loja\/index.php\/wp-json\/wp\/v2\/pages"}],"about":[{"href":"https:\/\/divulgouvendeu.net.br\/loja\/index.php\/wp-json\/wp\/v2\/types\/page"}],"author":[{"embeddable":true,"href":"https:\/\/divulgouvendeu.net.br\/loja\/index.php\/wp-json\/wp\/v2\/users\/1"}],"replies":[{"embeddable":true,"href":"https:\/\/divulgouvendeu.net.br\/loja\/index.php\/wp-json\/wp\/v2\/comments?post=7"}],"version-history":[{"count":12,"href":"https:\/\/divulgouvendeu.net.br\/loja\/index.php\/wp-json\/wp\/v2\/pages\/7\/revisions"}],"predecessor-version":[{"id":590,"href":"https:\/\/divulgouvendeu.net.br\/loja\/index.php\/wp-json\/wp\/v2\/pages\/7\/revisions\/590"}],"wp:attachment":[{"href":"https:\/\/divulgouvendeu.net.br\/loja\/index.php\/wp-json\/wp\/v2\/media?parent=7"}],"curies":[{"name":"wp","href":"https:\/\/api.w.org\/{rel}","templated":true}]}}